{"id":6255,"date":"2025-08-20T11:40:20","date_gmt":"2025-08-20T11:40:20","guid":{"rendered":"https:\/\/migrats.es\/?page_id=6255"},"modified":"2025-11-16T16:03:17","modified_gmt":"2025-11-16T16:03:17","slug":"programacio-2025","status":"publish","type":"page","link":"https:\/\/migrats.es\/?page_id=6255","title":{"rendered":"Programaci\u00f3 2025"},"content":{"rendered":"<p>[vc_row][vc_column][vc_column_text]<\/p>\n<p style=\"text-align: center;\" data-start=\"113\" data-end=\"380\"><span style=\"font-size: 12pt;\">La majoria d\u2019activitats de <em data-start=\"140\" data-end=\"149\">Migrats<\/em> s\u00f3n d\u2019acc\u00e9s gratu\u00eft i no cal entrada pr\u00e8via: nom\u00e9s has d\u2019acudir directament a l\u2019espai on es realitza cada pe\u00e7a. L\u2019\u00fanica excepci\u00f3 \u00e9s <strong data-start=\"284\" data-end=\"303\">Espai Inestable<\/strong>, on el preu pot variar; pots consultar-lo en el moment de comprar l\u2019entrada.<\/span><\/p>\n<p>[\/vc_column_text][vc_empty_space height=&#8221;50px&#8221;][\/vc_column][\/vc_row][vc_row][vc_column]<div class=\"mec-wrap mec-skin-grid-container  mec-dark-mode\" id=\"mec_skin_6298\">\r\n    \r\n        \r\n        <div class=\"mec-skin-grid-events-container\" id=\"mec_skin_events_6298\">\r\n        \u00a1No hay eventos!    <\/div>\r\n        \r\n        \r\n<\/div>[\/vc_column][\/vc_row]<\/p>\n","protected":false},"excerpt":{"rendered":"<p>[vc_row][vc_column][vc_column_text] La majoria d\u2019activitats de Migrats s\u00f3n d\u2019acc\u00e9s gratu\u00eft i no cal entrada pr\u00e8via: nom\u00e9s has d\u2019acudir directament a l\u2019espai on es realitza cada pe\u00e7a. L\u2019\u00fanica excepci\u00f3 \u00e9s Espai Inestable, on el preu pot variar; pots consultar-lo en el moment de comprar l\u2019entrada. [\/vc_column_text][vc_empty_space height=&#8221;50px&#8221;][\/vc_column][\/vc_row][vc_row][vc_column][\/vc_column][\/vc_row]<\/p>\n","protected":false},"author":4,"featured_media":0,"parent":0,"menu_order":0,"comment_status":"closed","ping_status":"closed","template":"","meta":{"footnotes":""},"class_list":["post-6255","page","type-page","status-publish","hentry"],"_links":{"self":[{"href":"https:\/\/migrats.es\/index.php?rest_route=\/wp\/v2\/pages\/6255","targetHints":{"allow":["GET"]}}],"collection":[{"href":"https:\/\/migrats.es\/index.php?rest_route=\/wp\/v2\/pages"}],"about":[{"href":"https:\/\/migrats.es\/index.php?rest_route=\/wp\/v2\/types\/page"}],"author":[{"embeddable":true,"href":"https:\/\/migrats.es\/index.php?rest_route=\/wp\/v2\/users\/4"}],"replies":[{"embeddable":true,"href":"https:\/\/migrats.es\/index.php?rest_route=%2Fwp%2Fv2%2Fcomments&post=6255"}],"version-history":[{"count":7,"href":"https:\/\/migrats.es\/index.php?rest_route=\/wp\/v2\/pages\/6255\/revisions"}],"predecessor-version":[{"id":6639,"href":"https:\/\/migrats.es\/index.php?rest_route=\/wp\/v2\/pages\/6255\/revisions\/6639"}],"wp:attachment":[{"href":"https:\/\/migrats.es\/index.php?rest_route=%2Fwp%2Fv2%2Fmedia&parent=6255"}],"curies":[{"name":"wp","href":"https:\/\/api.w.org\/{rel}","templated":true}]}}